{"id":1543,"date":"2022-10-13T12:50:47","date_gmt":"2022-10-13T12:50:47","guid":{"rendered":"https:\/\/www.ondasdejazz.com\/?page_id=1543"},"modified":"2023-03-23T11:27:38","modified_gmt":"2023-03-23T11:27:38","slug":"conciertos-solidarios","status":"publish","type":"page","link":"https:\/\/www.ondasdejazz.com\/es\/conciertos-solidarios\/","title":{"rendered":"Conciertos solidarios"},"content":{"rendered":"<p>[et_pb_section fb_built=\u00bb1&#8243; _builder_version=\u00bb4.18.0&#8243; _module_preset=\u00bbdefault\u00bb background_color=\u00bb#c21631&#8243; global_colors_info=\u00bb{}\u00bb][et_pb_row _builder_version=\u00bb4.18.0&#8243; _module_preset=\u00bbdefault\u00bb global_colors_info=\u00bb{}\u00bb][et_pb_column type=\u00bb4_4&#8243; _builder_version=\u00bb4.18.0&#8243; _module_preset=\u00bbdefault\u00bb global_colors_info=\u00bb{}\u00bb][et_pb_text _builder_version=\u00bb4.18.0&#8243; _module_preset=\u00bbdefault\u00bb header_text_color=\u00bb#FFFFFF\u00bb global_colors_info=\u00bb{}\u00bb]<\/p>\n<h1>Conciertos Solidarios<\/h1>\n<p>[\/et_pb_text][\/et_pb_column][\/et_pb_row][\/et_pb_section][et_pb_section fb_built=\u00bb1&#8243; _builder_version=\u00bb4.18.0&#8243; _module_preset=\u00bbdefault\u00bb global_colors_info=\u00bb{}\u00bb][et_pb_row _builder_version=\u00bb4.18.0&#8243; _module_preset=\u00bbdefault\u00bb global_colors_info=\u00bb{}\u00bb][et_pb_column type=\u00bb4_4&#8243; _builder_version=\u00bb4.18.0&#8243; _module_preset=\u00bbdefault\u00bb global_colors_info=\u00bb{}\u00bb][et_pb_text _builder_version=\u00bb4.18.0&#8243; _module_preset=\u00bbdefault\u00bb hover_enabled=\u00bb0&#8243; global_colors_info=\u00bb{}\u00bb sticky_enabled=\u00bb0&#8243;]<\/p>\n<p><span style=\"font-weight: 400;\">La colaboraci<\/span><span style=\"font-weight: 400;\">\u00f3<\/span><span style=\"font-weight: 400;\">n entre Laboral Kutxa, los departamentos de Educaci<\/span><span style=\"font-weight: 400;\">\u00f3<\/span><span style=\"font-weight: 400;\">n del Ayuntamiento del Vitoria-Gasteiz y de Cultura de la Diputaci<\/span><span style=\"font-weight: 400;\">\u00f3<\/span><span style=\"font-weight: 400;\">n de <\/span><span style=\"font-weight: 400;\">\u00c1<\/span><span style=\"font-weight: 400;\">lava, apostando por la f<\/span><span style=\"font-weight: 400;\">\u00f3<\/span><span style=\"font-weight: 400;\">rmula de \u201cJazz y Solidaridad\u201d, va hacer posible que el hall, pasillos, boxes, etc., del Hospital de D<\/span><span style=\"font-weight: 400;\">\u00ed<\/span><span style=\"font-weight: 400;\">a de Oncolog<\/span><span style=\"font-weight: 400;\">\u00ed<\/span><span style=\"font-weight: 400;\">a del HUA Txagorretxu, sea m<\/span><span style=\"font-weight: 400;\">\u00e1<\/span><span style=\"font-weight: 400;\">s amable y se suma a trav<\/span><span style=\"font-weight: 400;\">\u00e9<\/span><span style=\"font-weight: 400;\">s de <\/span><span style=\"font-weight: 400;\">\u00e9<\/span><span style=\"font-weight: 400;\">l, PROYECTO PLANTA 23, a las asociaciones que hasta la fecha se ha visto beneficiadas de dicha secci<\/span><span style=\"font-weight: 400;\">\u00f3<\/span><span style=\"font-weight: 400;\">n:<\/span><span style=\"font-weight: 400;\">\u00a0<\/span><\/p>\n<p><span style=\"font-weight: 400;\"><\/span><\/p>\n<ul>\n<li style=\"font-weight: 400;\" aria-level=\"1\"><span style=\"font-weight: 400;\">\u00a0<\/span><span style=\"font-weight: 400;\">Asociaci<\/span><span style=\"font-weight: 400;\">\u00f3<\/span><span style=\"font-weight: 400;\">n de Padres de Ni<\/span><span style=\"font-weight: 400;\">\u00f1<\/span><span style=\"font-weight: 400;\">os con C<\/span><span style=\"font-weight: 400;\">\u00e1<\/span><span style=\"font-weight: 400;\">ncer (ASPANAFOHA)<\/span><\/li>\n<li style=\"font-weight: 400;\" aria-level=\"1\"><span style=\"font-weight: 400;\">Asociaci<\/span><span style=\"font-weight: 400;\">\u00f3<\/span><span style=\"font-weight: 400;\">n Alavesa de Mujeres con C<\/span><span style=\"font-weight: 400;\">\u00e1<\/span><span style=\"font-weight: 400;\">ncer de Mama y Ginecol<\/span><span style=\"font-weight: 400;\">\u00f3<\/span><span style=\"font-weight: 400;\">gica (ASAMMA)<\/span><\/li>\n<li style=\"font-weight: 400;\" aria-level=\"1\"><span style=\"font-weight: 400;\">\u00a0<\/span><span style=\"font-weight: 400;\">Asociaci<\/span><span style=\"font-weight: 400;\">\u00f3<\/span><span style=\"font-weight: 400;\">n de Esclerosis Lateral Amiotr<\/span><span style=\"font-weight: 400;\">\u00f3<\/span><span style=\"font-weight: 400;\">fica de <\/span><span style=\"font-weight: 400;\">\u00c1<\/span><span style=\"font-weight: 400;\">lava (ADELA) + ANIVERSARIO<\/span><\/li>\n<li style=\"font-weight: 400;\" aria-level=\"1\"><span style=\"font-weight: 400;\">Asociaci<\/span><span style=\"font-weight: 400;\">\u00f3<\/span><span style=\"font-weight: 400;\">n Salvamento Mar<\/span><span style=\"font-weight: 400;\">\u00ed<\/span><span style=\"font-weight: 400;\">timo Humanitario (SMH)<\/span><\/li>\n<li style=\"font-weight: 400;\" aria-level=\"1\"><span style=\"font-weight: 400;\">Asociaci<\/span><span style=\"font-weight: 400;\">\u00f3<\/span><span style=\"font-weight: 400;\">n de Alzheimer y otras Demencias de Araba (AFAARABA) + ANIVERSARIO<\/span><\/li>\n<li style=\"font-weight: 400;\" aria-level=\"1\"><span style=\"font-weight: 400;\">Asociaci<\/span><span style=\"font-weight: 400;\">\u00f3<\/span><span style=\"font-weight: 400;\">n Cultural y Musical Jazzargia\u00a0<\/span><\/li>\n<li style=\"font-weight: 400;\" aria-level=\"1\"><span style=\"font-weight: 400;\">Asociaci<\/span><span style=\"font-weight: 400;\">\u00f3<\/span><span style=\"font-weight: 400;\">n de Enfermas\/os de Lupus de <\/span><span style=\"font-weight: 400;\">\u00c1<\/span><span style=\"font-weight: 400;\">lava (ADELES)<\/span><\/li>\n<li style=\"font-weight: 400;\" aria-level=\"1\">Asociaci<span>\u00f3<\/span><span>n de personas con Discapacidad Visual de <\/span><span>\u00c1<\/span><span>lava (ITXAROPENA)<\/span><\/li>\n<\/ul>\n<p>[\/et_pb_text][\/et_pb_column][\/et_pb_row][\/et_pb_section]<\/p>\n","protected":false},"excerpt":{"rendered":"<p>Conciertos SolidariosLa colaboraci\u00f3n entre Laboral Kutxa, los departamentos de Educaci\u00f3n del Ayuntamiento del Vitoria-Gasteiz y de Cultura de la Diputaci\u00f3n de \u00c1lava, apostando por la f\u00f3rmula de \u201cJazz y Solidaridad\u201d, va hacer posible que el hall, pasillos, boxes, etc., del Hospital de D\u00eda de Oncolog\u00eda del HUA Txagorretxu, sea m\u00e1s amable y se suma a [&hellip;]<\/p>\n","protected":false},"author":1,"featured_media":0,"parent":0,"menu_order":0,"comment_status":"closed","ping_status":"closed","template":"","meta":{"_acf_changed":false,"_et_pb_use_builder":"on","_et_pb_old_content":"<!-- wp:divi\/placeholder \/-->","_et_gb_content_width":"","_monsterinsights_skip_tracking":false,"_monsterinsights_sitenote_active":false,"_monsterinsights_sitenote_note":"","_monsterinsights_sitenote_category":0,"footnotes":""},"class_list":["post-1543","page","type-page","status-publish","hentry"],"acf":[],"yoast_head":"<!-- This site is optimized with the Yoast SEO plugin v27.4 - https:\/\/yoast.com\/product\/yoast-seo-wordpress\/ -->\n<title>Conciertos solidarios - Jazz y Solidaridad<\/title>\n<meta name=\"description\" content=\"Jazz y Solidaridad junto a Laboral Kutxa, departamentos de Educaci\u00f3n del Ayuntamiento del Vitoria-Gasteiz y Cultura de la Diputaci\u00f3n de \u00c1lava\" \/>\n<meta name=\"robots\" content=\"index, follow, max-snippet:-1, max-image-preview:large, max-video-preview:-1\" \/>\n<link rel=\"canonical\" href=\"https:\/\/www.ondasdejazz.com\/es\/conciertos-solidarios\/\" \/>\n<meta property=\"og:locale\" content=\"es_ES\" \/>\n<meta property=\"og:type\" content=\"article\" \/>\n<meta property=\"og:title\" content=\"Conciertos solidarios - Jazz y Solidaridad\" \/>\n<meta property=\"og:description\" content=\"Jazz y Solidaridad junto a Laboral Kutxa, departamentos de Educaci\u00f3n del Ayuntamiento del Vitoria-Gasteiz y Cultura de la Diputaci\u00f3n de \u00c1lava\" \/>\n<meta property=\"og:url\" content=\"https:\/\/www.ondasdejazz.com\/es\/conciertos-solidarios\/\" \/>\n<meta property=\"og:site_name\" content=\"Ondas de Jazz\" \/>\n<meta property=\"article:modified_time\" content=\"2023-03-23T11:27:38+00:00\" \/>\n<meta name=\"twitter:card\" content=\"summary_large_image\" \/>\n<meta name=\"twitter:label1\" content=\"Tiempo de lectura\" \/>\n\t<meta name=\"twitter:data1\" content=\"2 minutos\" \/>\n<script type=\"application\/ld+json\" class=\"yoast-schema-graph\">{\"@context\":\"https:\\\/\\\/schema.org\",\"@graph\":[{\"@type\":\"WebPage\",\"@id\":\"https:\\\/\\\/www.ondasdejazz.com\\\/es\\\/conciertos-solidarios\\\/\",\"url\":\"https:\\\/\\\/www.ondasdejazz.com\\\/es\\\/conciertos-solidarios\\\/\",\"name\":\"Conciertos solidarios - Jazz y Solidaridad\",\"isPartOf\":{\"@id\":\"https:\\\/\\\/www.ondasdejazz.com\\\/es\\\/#website\"},\"datePublished\":\"2022-10-13T12:50:47+00:00\",\"dateModified\":\"2023-03-23T11:27:38+00:00\",\"description\":\"Jazz y Solidaridad junto a Laboral Kutxa, departamentos de Educaci\u00f3n del Ayuntamiento del Vitoria-Gasteiz y Cultura de la Diputaci\u00f3n de \u00c1lava\",\"breadcrumb\":{\"@id\":\"https:\\\/\\\/www.ondasdejazz.com\\\/es\\\/conciertos-solidarios\\\/#breadcrumb\"},\"inLanguage\":\"es\",\"potentialAction\":[{\"@type\":\"ReadAction\",\"target\":[\"https:\\\/\\\/www.ondasdejazz.com\\\/es\\\/conciertos-solidarios\\\/\"]}]},{\"@type\":\"BreadcrumbList\",\"@id\":\"https:\\\/\\\/www.ondasdejazz.com\\\/es\\\/conciertos-solidarios\\\/#breadcrumb\",\"itemListElement\":[{\"@type\":\"ListItem\",\"position\":1,\"name\":\"Portada\",\"item\":\"https:\\\/\\\/www.ondasdejazz.com\\\/es\\\/inicio-asd32ewteq23\\\/\"},{\"@type\":\"ListItem\",\"position\":2,\"name\":\"Conciertos solidarios\"}]},{\"@type\":\"WebSite\",\"@id\":\"https:\\\/\\\/www.ondasdejazz.com\\\/es\\\/#website\",\"url\":\"https:\\\/\\\/www.ondasdejazz.com\\\/es\\\/\",\"name\":\"Ondas de Jazz\",\"description\":\"Ondas de Jazz en la Ciudad\",\"potentialAction\":[{\"@type\":\"SearchAction\",\"target\":{\"@type\":\"EntryPoint\",\"urlTemplate\":\"https:\\\/\\\/www.ondasdejazz.com\\\/es\\\/?s={search_term_string}\"},\"query-input\":{\"@type\":\"PropertyValueSpecification\",\"valueRequired\":true,\"valueName\":\"search_term_string\"}}],\"inLanguage\":\"es\"}]}<\/script>\n<!-- \/ Yoast SEO plugin. -->","yoast_head_json":{"title":"Conciertos solidarios - Jazz y Solidaridad","description":"Jazz y Solidaridad junto a Laboral Kutxa, departamentos de Educaci\u00f3n del Ayuntamiento del Vitoria-Gasteiz y Cultura de la Diputaci\u00f3n de \u00c1lava","robots":{"index":"index","follow":"follow","max-snippet":"max-snippet:-1","max-image-preview":"max-image-preview:large","max-video-preview":"max-video-preview:-1"},"canonical":"https:\/\/www.ondasdejazz.com\/es\/conciertos-solidarios\/","og_locale":"es_ES","og_type":"article","og_title":"Conciertos solidarios - Jazz y Solidaridad","og_description":"Jazz y Solidaridad junto a Laboral Kutxa, departamentos de Educaci\u00f3n del Ayuntamiento del Vitoria-Gasteiz y Cultura de la Diputaci\u00f3n de \u00c1lava","og_url":"https:\/\/www.ondasdejazz.com\/es\/conciertos-solidarios\/","og_site_name":"Ondas de Jazz","article_modified_time":"2023-03-23T11:27:38+00:00","twitter_card":"summary_large_image","twitter_misc":{"Tiempo de lectura":"2 minutos"},"schema":{"@context":"https:\/\/schema.org","@graph":[{"@type":"WebPage","@id":"https:\/\/www.ondasdejazz.com\/es\/conciertos-solidarios\/","url":"https:\/\/www.ondasdejazz.com\/es\/conciertos-solidarios\/","name":"Conciertos solidarios - Jazz y Solidaridad","isPartOf":{"@id":"https:\/\/www.ondasdejazz.com\/es\/#website"},"datePublished":"2022-10-13T12:50:47+00:00","dateModified":"2023-03-23T11:27:38+00:00","description":"Jazz y Solidaridad junto a Laboral Kutxa, departamentos de Educaci\u00f3n del Ayuntamiento del Vitoria-Gasteiz y Cultura de la Diputaci\u00f3n de \u00c1lava","breadcrumb":{"@id":"https:\/\/www.ondasdejazz.com\/es\/conciertos-solidarios\/#breadcrumb"},"inLanguage":"es","potentialAction":[{"@type":"ReadAction","target":["https:\/\/www.ondasdejazz.com\/es\/conciertos-solidarios\/"]}]},{"@type":"BreadcrumbList","@id":"https:\/\/www.ondasdejazz.com\/es\/conciertos-solidarios\/#breadcrumb","itemListElement":[{"@type":"ListItem","position":1,"name":"Portada","item":"https:\/\/www.ondasdejazz.com\/es\/inicio-asd32ewteq23\/"},{"@type":"ListItem","position":2,"name":"Conciertos solidarios"}]},{"@type":"WebSite","@id":"https:\/\/www.ondasdejazz.com\/es\/#website","url":"https:\/\/www.ondasdejazz.com\/es\/","name":"Ondas de Jazz","description":"Ondas de Jazz en la Ciudad","potentialAction":[{"@type":"SearchAction","target":{"@type":"EntryPoint","urlTemplate":"https:\/\/www.ondasdejazz.com\/es\/?s={search_term_string}"},"query-input":{"@type":"PropertyValueSpecification","valueRequired":true,"valueName":"search_term_string"}}],"inLanguage":"es"}]}},"_links":{"self":[{"href":"https:\/\/www.ondasdejazz.com\/es\/wp-json\/wp\/v2\/pages\/1543","targetHints":{"allow":["GET"]}}],"collection":[{"href":"https:\/\/www.ondasdejazz.com\/es\/wp-json\/wp\/v2\/pages"}],"about":[{"href":"https:\/\/www.ondasdejazz.com\/es\/wp-json\/wp\/v2\/types\/page"}],"author":[{"embeddable":true,"href":"https:\/\/www.ondasdejazz.com\/es\/wp-json\/wp\/v2\/users\/1"}],"replies":[{"embeddable":true,"href":"https:\/\/www.ondasdejazz.com\/es\/wp-json\/wp\/v2\/comments?post=1543"}],"version-history":[{"count":6,"href":"https:\/\/www.ondasdejazz.com\/es\/wp-json\/wp\/v2\/pages\/1543\/revisions"}],"predecessor-version":[{"id":2486,"href":"https:\/\/www.ondasdejazz.com\/es\/wp-json\/wp\/v2\/pages\/1543\/revisions\/2486"}],"wp:attachment":[{"href":"https:\/\/www.ondasdejazz.com\/es\/wp-json\/wp\/v2\/media?parent=1543"}],"curies":[{"name":"wp","href":"https:\/\/api.w.org\/{rel}","templated":true}]}}