{"id":1551,"date":"2022-10-13T12:54:07","date_gmt":"2022-10-13T12:54:07","guid":{"rendered":"https:\/\/www.ondasdejazz.com\/?page_id=1551"},"modified":"2023-03-23T12:32:02","modified_gmt":"2023-03-23T12:32:02","slug":"discos-ondas-de-jazz","status":"publish","type":"page","link":"https:\/\/www.ondasdejazz.com\/es\/discos-ondas-de-jazz\/","title":{"rendered":"Discos Ondas de Jazz"},"content":{"rendered":"<p>[et_pb_section fb_built=\u00bb1&#8243; _builder_version=\u00bb4.18.0&#8243; _module_preset=\u00bbdefault\u00bb background_color=\u00bb#c21631&#8243; global_colors_info=\u00bb{}\u00bb theme_builder_area=\u00bbpost_content\u00bb][et_pb_row _builder_version=\u00bb4.18.0&#8243; _module_preset=\u00bbdefault\u00bb global_colors_info=\u00bb{}\u00bb theme_builder_area=\u00bbpost_content\u00bb][et_pb_column type=\u00bb4_4&#8243; _builder_version=\u00bb4.18.0&#8243; _module_preset=\u00bbdefault\u00bb global_colors_info=\u00bb{}\u00bb theme_builder_area=\u00bbpost_content\u00bb][et_pb_text _builder_version=\u00bb4.18.0&#8243; _module_preset=\u00bbdefault\u00bb header_text_color=\u00bb#FFFFFF\u00bb hover_enabled=\u00bb0&#8243; global_colors_info=\u00bb{}\u00bb theme_builder_area=\u00bbpost_content\u00bb sticky_enabled=\u00bb0&#8243;]<\/p>\n<h1>Discos Ondas de Jazz<\/h1>\n<p>[\/et_pb_text][\/et_pb_column][\/et_pb_row][\/et_pb_section][et_pb_section fb_built=\u00bb1&#8243; theme_builder_area=\u00bbpost_content\u00bb _builder_version=\u00bb4.18.0&#8243; _module_preset=\u00bbdefault\u00bb][et_pb_row _builder_version=\u00bb4.18.0&#8243; _module_preset=\u00bbdefault\u00bb theme_builder_area=\u00bbpost_content\u00bb][et_pb_column _builder_version=\u00bb4.18.0&#8243; _module_preset=\u00bbdefault\u00bb type=\u00bb4_4&#8243; theme_builder_area=\u00bbpost_content\u00bb][et_pb_text _builder_version=\u00bb4.18.0&#8243; _module_preset=\u00bbdefault\u00bb theme_builder_area=\u00bbpost_content\u00bb hover_enabled=\u00bb0&#8243; sticky_enabled=\u00bb0&#8243;]<\/p>\n<p>En diferentes ediciones hemos grabado discos. Cada <strong>disco de Ondas de Jazz en la Ciudad<\/strong> tiene un cara\u0301cter <strong>SOLIDARIO<\/strong> para asociaciones alavesas.<\/p>\n<p>Los discos est\u00e1n a la venta, bien en la secci\u00f3n de discos de <strong>El Corte Ingl\u00e9s de Vitoria-Gasteiz<\/strong>, bien en las <strong>sedes de las asociaciones solidarias<\/strong>.<\/p>\n<p>[\/et_pb_text][\/et_pb_column][\/et_pb_row][et_pb_row _builder_version=\u00bb4.18.0&#8243; _module_preset=\u00bbdefault\u00bb theme_builder_area=\u00bbpost_content\u00bb column_structure=\u00bb1_3,1_3,1_3&#8243;][et_pb_column _builder_version=\u00bb4.18.0&#8243; _module_preset=\u00bbdefault\u00bb type=\u00bb1_3&#8243; theme_builder_area=\u00bbpost_content\u00bb][et_pb_blurb title=\u00bbIN MEMORY OF CHET BAKER\u00bb image=\u00bbhttps:\/\/www.ondasdejazz.com\/wp-content\/uploads\/2022\/10\/discosChetBaker.png\u00bb _builder_version=\u00bb4.18.0&#8243; _module_preset=\u00bbdefault\u00bb theme_builder_area=\u00bbpost_content\u00bb title_text=\u00bbdiscosChetBaker\u00bb hover_enabled=\u00bb0&#8243; sticky_enabled=\u00bb0&#8243;]<\/p>\n<p><span>Asociaci\u00f3n de Padres de Ni\u00f1os con C\u00e1ncer (ASPANAFOHA)<\/span><\/p>\n<p>[\/et_pb_blurb][\/et_pb_column][et_pb_column _builder_version=\u00bb4.18.0&#8243; _module_preset=\u00bbdefault\u00bb type=\u00bb1_3&#8243; theme_builder_area=\u00bbpost_content\u00bb][et_pb_blurb title=\u00bbHOMENAJE A JONI MITCHEL\u00bb image=\u00bbhttps:\/\/www.ondasdejazz.com\/wp-content\/uploads\/2022\/10\/discosJoniMItchel.png\u00bb _builder_version=\u00bb4.18.0&#8243; _module_preset=\u00bbdefault\u00bb theme_builder_area=\u00bbpost_content\u00bb title_text=\u00bbdiscosJoniMItchel\u00bb hover_enabled=\u00bb0&#8243; sticky_enabled=\u00bb0&#8243;]<\/p>\n<p><span>Asociaci\u00f3n Alavesa de Mujeres con C\u00e1ncer de Mama y Ginecol\u00f3gica (ASAMMA)<\/span><\/p>\n<p>[\/et_pb_blurb][\/et_pb_column][et_pb_column _builder_version=\u00bb4.18.0&#8243; _module_preset=\u00bbdefault\u00bb type=\u00bb1_3&#8243; theme_builder_area=\u00bbpost_content\u00bb][et_pb_blurb title=\u00bbHOMENAJE A NUESTROS ALUMNOS BIG BAND &#038; COMBOS\u00bb image=\u00bbhttps:\/\/www.ondasdejazz.com\/wp-content\/uploads\/2022\/10\/discosCombos.png\u00bb _builder_version=\u00bb4.18.0&#8243; _module_preset=\u00bbdefault\u00bb theme_builder_area=\u00bbpost_content\u00bb title_text=\u00bbdiscosCombos\u00bb hover_enabled=\u00bb0&#8243; sticky_enabled=\u00bb0&#8243;]<\/p>\n<p><span>Asociaci\u00f3n de Esclerosis Lateral Amiotr\u00f3fica de \u00c1lava (ADELA)<\/span><\/p>\n<p>[\/et_pb_blurb][\/et_pb_column][\/et_pb_row][et_pb_row _builder_version=\u00bb4.18.0&#8243; _module_preset=\u00bbdefault\u00bb theme_builder_area=\u00bbpost_content\u00bb column_structure=\u00bb1_3,1_3,1_3&#8243;][et_pb_column _builder_version=\u00bb4.18.0&#8243; _module_preset=\u00bbdefault\u00bb type=\u00bb1_3&#8243; theme_builder_area=\u00bbpost_content\u00bb][et_pb_blurb title=\u00bbABOUT THE BEATLES\u00bb image=\u00bbhttps:\/\/www.ondasdejazz.com\/wp-content\/uploads\/2022\/10\/discosBeatles.png\u00bb _builder_version=\u00bb4.18.0&#8243; _module_preset=\u00bbdefault\u00bb theme_builder_area=\u00bbpost_content\u00bb title_text=\u00bbdiscosBeatles\u00bb hover_enabled=\u00bb0&#8243; sticky_enabled=\u00bb0&#8243;]<\/p>\n<p><span>Asociaci\u00f3n Salvamento Mar\u00edtimo Humanitario (SMH)<\/span><\/p>\n<p>[\/et_pb_blurb][\/et_pb_column][et_pb_column _builder_version=\u00bb4.18.0&#8243; _module_preset=\u00bbdefault\u00bb type=\u00bb1_3&#8243; theme_builder_area=\u00bbpost_content\u00bb][et_pb_blurb title=\u00bbJOYFUL GOSPEL CHOIR\u00bb image=\u00bbhttps:\/\/www.ondasdejazz.com\/wp-content\/uploads\/2022\/10\/discosLuis-Aramburu.png\u00bb _builder_version=\u00bb4.18.0&#8243; _module_preset=\u00bbdefault\u00bb theme_builder_area=\u00bbpost_content\u00bb title_text=\u00bbdiscosLuis-Aramburu\u00bb hover_enabled=\u00bb0&#8243; sticky_enabled=\u00bb0&#8243;]<\/p>\n<p><span>Asociaci\u00f3n de Alzheimer y otras Demencias de Araba (AFAARABA)<\/span><\/p>\n<p>[\/et_pb_blurb][\/et_pb_column][et_pb_column _builder_version=\u00bb4.18.0&#8243; _module_preset=\u00bbdefault\u00bb type=\u00bb1_3&#8243; theme_builder_area=\u00bbpost_content\u00bb][et_pb_blurb title=\u00bbRECOPILATORIO 2014-2019&#8243; image=\u00bbhttps:\/\/www.ondasdejazz.com\/wp-content\/uploads\/2022\/10\/discosClavijero.png\u00bb _builder_version=\u00bb4.18.0&#8243; _module_preset=\u00bbdefault\u00bb theme_builder_area=\u00bbpost_content\u00bb title_text=\u00bbdiscosClavijero\u00bb hover_enabled=\u00bb0&#8243; sticky_enabled=\u00bb0&#8243;]<\/p>\n<p><span>Asociaci\u00f3n Cultural y Musical Jazzargia<\/span><\/p>\n<p>[\/et_pb_blurb][\/et_pb_column][\/et_pb_row][et_pb_row _builder_version=\u00bb4.18.0&#8243; _module_preset=\u00bbdefault\u00bb theme_builder_area=\u00bbpost_content\u00bb column_structure=\u00bb1_3,1_3,1_3&#8243;][et_pb_column _builder_version=\u00bb4.18.0&#8243; _module_preset=\u00bbdefault\u00bb type=\u00bb1_3&#8243; theme_builder_area=\u00bbpost_content\u00bb][et_pb_blurb title=\u00bbCHARLES COOPER \u201cCHOP\u201d &#038; TRIOLOGY VOL. II\u00bb image=\u00bbhttps:\/\/www.ondasdejazz.com\/wp-content\/uploads\/2022\/10\/discosBillEvans.png\u00bb _builder_version=\u00bb4.18.0&#8243; _module_preset=\u00bbdefault\u00bb theme_builder_area=\u00bbpost_content\u00bb title_text=\u00bbdiscosBillEvans\u00bb hover_enabled=\u00bb0&#8243; sticky_enabled=\u00bb0&#8243;]<\/p>\n<p><span>Asociaci\u00f3n de Enfermas\/os de Lupus de \u00c1lava (ADELES)<\/span><\/p>\n<p>[\/et_pb_blurb][\/et_pb_column][et_pb_column _builder_version=\u00bb4.18.0&#8243; _module_preset=\u00bbdefault\u00bb type=\u00bb1_3&#8243; theme_builder_area=\u00bbpost_content\u00bb][\/et_pb_column][et_pb_column _builder_version=\u00bb4.18.0&#8243; _module_preset=\u00bbdefault\u00bb type=\u00bb1_3&#8243; theme_builder_area=\u00bbpost_content\u00bb][\/et_pb_column][\/et_pb_row][\/et_pb_section]<\/p>\n","protected":false},"excerpt":{"rendered":"<p>Discos Ondas de JazzEn diferentes ediciones hemos grabado discos. Cada disco de Ondas de Jazz en la Ciudad tiene un cara\u0301cter SOLIDARIO para asociaciones alavesas. Los discos est\u00e1n a la venta, bien en la secci\u00f3n de discos de El Corte Ingl\u00e9s de Vitoria-Gasteiz, bien en las sedes de las asociaciones solidarias.Asociaci\u00f3n de Padres de Ni\u00f1os [&hellip;]<\/p>\n","protected":false},"author":1,"featured_media":0,"parent":0,"menu_order":0,"comment_status":"closed","ping_status":"closed","template":"","meta":{"_acf_changed":false,"_et_pb_use_builder":"on","_et_pb_old_content":"","_et_gb_content_width":"","_monsterinsights_skip_tracking":false,"_monsterinsights_sitenote_active":false,"_monsterinsights_sitenote_note":"","_monsterinsights_sitenote_category":0,"footnotes":""},"class_list":["post-1551","page","type-page","status-publish","hentry"],"acf":[],"yoast_head":"<!-- This site is optimized with the Yoast SEO plugin v27.4 - https:\/\/yoast.com\/product\/yoast-seo-wordpress\/ -->\n<title>Discos Ondas de Jazz - Vitoria-Gasteiz<\/title>\n<meta name=\"description\" content=\"Discos de Jazz - Disco de Ondas de Jazz en la Ciudad tiene un cara\u0301cter SOLIDARIO para asociaciones alavesas.\" \/>\n<meta name=\"robots\" content=\"index, follow, max-snippet:-1, max-image-preview:large, max-video-preview:-1\" \/>\n<link rel=\"canonical\" href=\"https:\/\/www.ondasdejazz.com\/es\/discos-ondas-de-jazz\/\" \/>\n<meta property=\"og:locale\" content=\"es_ES\" \/>\n<meta property=\"og:type\" content=\"article\" \/>\n<meta property=\"og:title\" content=\"Discos Ondas de Jazz - Vitoria-Gasteiz\" \/>\n<meta property=\"og:description\" content=\"Discos de Jazz - Disco de Ondas de Jazz en la Ciudad tiene un cara\u0301cter SOLIDARIO para asociaciones alavesas.\" \/>\n<meta property=\"og:url\" content=\"https:\/\/www.ondasdejazz.com\/es\/discos-ondas-de-jazz\/\" \/>\n<meta property=\"og:site_name\" content=\"Ondas de Jazz\" \/>\n<meta property=\"article:modified_time\" content=\"2023-03-23T12:32:02+00:00\" \/>\n<meta name=\"twitter:card\" content=\"summary_large_image\" \/>\n<meta name=\"twitter:label1\" content=\"Tiempo de lectura\" \/>\n\t<meta name=\"twitter:data1\" content=\"2 minutos\" \/>\n<script type=\"application\/ld+json\" class=\"yoast-schema-graph\">{\"@context\":\"https:\\\/\\\/schema.org\",\"@graph\":[{\"@type\":\"WebPage\",\"@id\":\"https:\\\/\\\/www.ondasdejazz.com\\\/es\\\/discos-ondas-de-jazz\\\/\",\"url\":\"https:\\\/\\\/www.ondasdejazz.com\\\/es\\\/discos-ondas-de-jazz\\\/\",\"name\":\"Discos Ondas de Jazz - Vitoria-Gasteiz\",\"isPartOf\":{\"@id\":\"https:\\\/\\\/www.ondasdejazz.com\\\/es\\\/#website\"},\"datePublished\":\"2022-10-13T12:54:07+00:00\",\"dateModified\":\"2023-03-23T12:32:02+00:00\",\"description\":\"Discos de Jazz - Disco de Ondas de Jazz en la Ciudad tiene un cara\u0301cter SOLIDARIO para asociaciones alavesas.\",\"breadcrumb\":{\"@id\":\"https:\\\/\\\/www.ondasdejazz.com\\\/es\\\/discos-ondas-de-jazz\\\/#breadcrumb\"},\"inLanguage\":\"es\",\"potentialAction\":[{\"@type\":\"ReadAction\",\"target\":[\"https:\\\/\\\/www.ondasdejazz.com\\\/es\\\/discos-ondas-de-jazz\\\/\"]}]},{\"@type\":\"BreadcrumbList\",\"@id\":\"https:\\\/\\\/www.ondasdejazz.com\\\/es\\\/discos-ondas-de-jazz\\\/#breadcrumb\",\"itemListElement\":[{\"@type\":\"ListItem\",\"position\":1,\"name\":\"Portada\",\"item\":\"https:\\\/\\\/www.ondasdejazz.com\\\/es\\\/inicio-asd32ewteq23\\\/\"},{\"@type\":\"ListItem\",\"position\":2,\"name\":\"Discos Ondas de Jazz\"}]},{\"@type\":\"WebSite\",\"@id\":\"https:\\\/\\\/www.ondasdejazz.com\\\/es\\\/#website\",\"url\":\"https:\\\/\\\/www.ondasdejazz.com\\\/es\\\/\",\"name\":\"Ondas de Jazz\",\"description\":\"Ondas de Jazz en la Ciudad\",\"potentialAction\":[{\"@type\":\"SearchAction\",\"target\":{\"@type\":\"EntryPoint\",\"urlTemplate\":\"https:\\\/\\\/www.ondasdejazz.com\\\/es\\\/?s={search_term_string}\"},\"query-input\":{\"@type\":\"PropertyValueSpecification\",\"valueRequired\":true,\"valueName\":\"search_term_string\"}}],\"inLanguage\":\"es\"}]}<\/script>\n<!-- \/ Yoast SEO plugin. -->","yoast_head_json":{"title":"Discos Ondas de Jazz - Vitoria-Gasteiz","description":"Discos de Jazz - Disco de Ondas de Jazz en la Ciudad tiene un cara\u0301cter SOLIDARIO para asociaciones alavesas.","robots":{"index":"index","follow":"follow","max-snippet":"max-snippet:-1","max-image-preview":"max-image-preview:large","max-video-preview":"max-video-preview:-1"},"canonical":"https:\/\/www.ondasdejazz.com\/es\/discos-ondas-de-jazz\/","og_locale":"es_ES","og_type":"article","og_title":"Discos Ondas de Jazz - Vitoria-Gasteiz","og_description":"Discos de Jazz - Disco de Ondas de Jazz en la Ciudad tiene un cara\u0301cter SOLIDARIO para asociaciones alavesas.","og_url":"https:\/\/www.ondasdejazz.com\/es\/discos-ondas-de-jazz\/","og_site_name":"Ondas de Jazz","article_modified_time":"2023-03-23T12:32:02+00:00","twitter_card":"summary_large_image","twitter_misc":{"Tiempo de lectura":"2 minutos"},"schema":{"@context":"https:\/\/schema.org","@graph":[{"@type":"WebPage","@id":"https:\/\/www.ondasdejazz.com\/es\/discos-ondas-de-jazz\/","url":"https:\/\/www.ondasdejazz.com\/es\/discos-ondas-de-jazz\/","name":"Discos Ondas de Jazz - Vitoria-Gasteiz","isPartOf":{"@id":"https:\/\/www.ondasdejazz.com\/es\/#website"},"datePublished":"2022-10-13T12:54:07+00:00","dateModified":"2023-03-23T12:32:02+00:00","description":"Discos de Jazz - Disco de Ondas de Jazz en la Ciudad tiene un cara\u0301cter SOLIDARIO para asociaciones alavesas.","breadcrumb":{"@id":"https:\/\/www.ondasdejazz.com\/es\/discos-ondas-de-jazz\/#breadcrumb"},"inLanguage":"es","potentialAction":[{"@type":"ReadAction","target":["https:\/\/www.ondasdejazz.com\/es\/discos-ondas-de-jazz\/"]}]},{"@type":"BreadcrumbList","@id":"https:\/\/www.ondasdejazz.com\/es\/discos-ondas-de-jazz\/#breadcrumb","itemListElement":[{"@type":"ListItem","position":1,"name":"Portada","item":"https:\/\/www.ondasdejazz.com\/es\/inicio-asd32ewteq23\/"},{"@type":"ListItem","position":2,"name":"Discos Ondas de Jazz"}]},{"@type":"WebSite","@id":"https:\/\/www.ondasdejazz.com\/es\/#website","url":"https:\/\/www.ondasdejazz.com\/es\/","name":"Ondas de Jazz","description":"Ondas de Jazz en la Ciudad","potentialAction":[{"@type":"SearchAction","target":{"@type":"EntryPoint","urlTemplate":"https:\/\/www.ondasdejazz.com\/es\/?s={search_term_string}"},"query-input":{"@type":"PropertyValueSpecification","valueRequired":true,"valueName":"search_term_string"}}],"inLanguage":"es"}]}},"_links":{"self":[{"href":"https:\/\/www.ondasdejazz.com\/es\/wp-json\/wp\/v2\/pages\/1551","targetHints":{"allow":["GET"]}}],"collection":[{"href":"https:\/\/www.ondasdejazz.com\/es\/wp-json\/wp\/v2\/pages"}],"about":[{"href":"https:\/\/www.ondasdejazz.com\/es\/wp-json\/wp\/v2\/types\/page"}],"author":[{"embeddable":true,"href":"https:\/\/www.ondasdejazz.com\/es\/wp-json\/wp\/v2\/users\/1"}],"replies":[{"embeddable":true,"href":"https:\/\/www.ondasdejazz.com\/es\/wp-json\/wp\/v2\/comments?post=1551"}],"version-history":[{"count":6,"href":"https:\/\/www.ondasdejazz.com\/es\/wp-json\/wp\/v2\/pages\/1551\/revisions"}],"predecessor-version":[{"id":2504,"href":"https:\/\/www.ondasdejazz.com\/es\/wp-json\/wp\/v2\/pages\/1551\/revisions\/2504"}],"wp:attachment":[{"href":"https:\/\/www.ondasdejazz.com\/es\/wp-json\/wp\/v2\/media?parent=1551"}],"curies":[{"name":"wp","href":"https:\/\/api.w.org\/{rel}","templated":true}]}}