{"id":1781,"date":"2022-10-20T07:21:39","date_gmt":"2022-10-20T07:21:39","guid":{"rendered":"https:\/\/www.ondasdejazz.com\/?page_id=1781"},"modified":"2024-09-23T11:14:12","modified_gmt":"2024-09-23T11:14:12","slug":"makila-de-honor-2023","status":"publish","type":"page","link":"https:\/\/www.ondasdejazz.com\/es\/ediciones-anteriores\/2022-23\/makila-de-honor-2023\/","title":{"rendered":"Makila de Honor 2023"},"content":{"rendered":"<p>[et_pb_section fb_built=\u00bb1&#8243; _builder_version=\u00bb4.18.0&#8243; _module_preset=\u00bbdefault\u00bb background_color=\u00bb#c21631&#8243; global_colors_info=\u00bb{}\u00bb][et_pb_row _builder_version=\u00bb4.18.0&#8243; _module_preset=\u00bbdefault\u00bb global_colors_info=\u00bb{}\u00bb][et_pb_column type=\u00bb4_4&#8243; _builder_version=\u00bb4.18.0&#8243; _module_preset=\u00bbdefault\u00bb global_colors_info=\u00bb{}\u00bb][et_pb_text _builder_version=\u00bb4.18.0&#8243; _module_preset=\u00bbdefault\u00bb header_text_color=\u00bb#FFFFFF\u00bb hover_enabled=\u00bb0&#8243; global_colors_info=\u00bb{}\u00bb sticky_enabled=\u00bb0&#8243;]<\/p>\n<h1><b>Makila de Honor 2023<\/b><\/h1>\n<p>[\/et_pb_text][\/et_pb_column][\/et_pb_row][\/et_pb_section][et_pb_section fb_built=\u00bb1&#8243; _builder_version=\u00bb4.18.0&#8243; _module_preset=\u00bbdefault\u00bb hover_enabled=\u00bb0&#8243; global_colors_info=\u00bb{}\u00bb sticky_enabled=\u00bb0&#8243;][et_pb_row _builder_version=\u00bb4.18.0&#8243; _module_preset=\u00bbdefault\u00bb global_colors_info=\u00bb{}\u00bb column_structure=\u00bb2_5,3_5&#8243;][et_pb_column type=\u00bb2_5&#8243; _builder_version=\u00bb4.18.0&#8243; _module_preset=\u00bbdefault\u00bb global_colors_info=\u00bb{}\u00bb][et_pb_image _builder_version=\u00bb4.18.0&#8243; _module_preset=\u00bbdefault\u00bb title_text=\u00bbmakila_honor_2&#8243; src=\u00bbhttps:\/\/www.ondasdejazz.com\/wp-content\/uploads\/2022\/10\/makila_honor_2.jpg\u00bb hover_enabled=\u00bb0&#8243; sticky_enabled=\u00bb0&#8243;][\/et_pb_image][\/et_pb_column][et_pb_column type=\u00bb3_5&#8243; _builder_version=\u00bb4.18.0&#8243; _module_preset=\u00bbdefault\u00bb global_colors_info=\u00bb{}\u00bb][et_pb_text _builder_version=\u00bb4.18.0&#8243; _module_preset=\u00bbdefault\u00bb hover_enabled=\u00bb0&#8243; global_colors_info=\u00bb{}\u00bb sticky_enabled=\u00bb0&#8243;]<\/p>\n<h2><span style=\"font-weight: 400;\">Mar<\/span><span style=\"font-weight: 400;\">\u00ed<\/span><span style=\"font-weight: 400;\">a Pilar Ramos L<\/span><span style=\"font-weight: 400;\">\u00f3<\/span><span style=\"font-weight: 400;\">pez<\/span><\/h2>\n<p><span style=\"font-weight: 400;\">Es directora de la Colecci<\/span><span style=\"font-weight: 400;\">\u00f3<\/span><span style=\"font-weight: 400;\">n Biblioteca de Investigaci<\/span><span style=\"font-weight: 400;\">\u00f3<\/span><span style=\"font-weight: 400;\">n de la Universidad de la Rioja, secretaria del Consejo de Redacci<\/span><span style=\"font-weight: 400;\">\u00f3<\/span><span style=\"font-weight: 400;\">n de la revista Anuario Musical (CSIC), miembro del Consejo de Redacci<\/span><span style=\"font-weight: 400;\">\u00f3<\/span><span style=\"font-weight: 400;\">n de la Colecci<\/span><span style=\"font-weight: 400;\">\u00f3<\/span><span style=\"font-weight: 400;\">n Monumentos de la M<\/span><span style=\"font-weight: 400;\">\u00fa<\/span><span style=\"font-weight: 400;\">sica Espa<\/span><span style=\"font-weight: 400;\">\u00f1<\/span><span style=\"font-weight: 400;\">ola (CSIC) y del Consejo Asesor de la Revista de Musicolog<\/span><span style=\"font-weight: 400;\">\u00ed<\/span><span style=\"font-weight: 400;\">a, de cuyo Consejo de Redacci<\/span><span style=\"font-weight: 400;\">\u00f3<\/span><span style=\"font-weight: 400;\">n form<\/span><span style=\"font-weight: 400;\">\u00f3<\/span><span style=\"font-weight: 400;\"> parte entre 2009 y 2017. Ha sido profesora titular en las universidades de Granada (1993-1996) y Gerona (1996-2007), y vicepresidente de la Sociedad Espa<\/span><span style=\"font-weight: 400;\">\u00f1<\/span><span style=\"font-weight: 400;\">ola de Musicolog<\/span><span style=\"font-weight: 400;\">\u00ed<\/span><span style=\"font-weight: 400;\">a (2016-2020). Como profesora invitada ha impartido cursos de m<\/span><span style=\"font-weight: 400;\">\u00e1<\/span><span style=\"font-weight: 400;\">ster, doctorado y conferencias en las universidades de Barcelona, Cat<\/span><span style=\"font-weight: 400;\">\u00f3<\/span><span style=\"font-weight: 400;\">lica de Buenos Aires, Complutense de Madrid, Gerona, Granada, Internacional de Andaluc<\/span><span style=\"font-weight: 400;\">\u00ed<\/span><span style=\"font-weight: 400;\">a, M<\/span><span style=\"font-weight: 400;\">\u00e1<\/span><span style=\"font-weight: 400;\">laga, Murcia, Oviedo, Oxford, Poznan, Salamanca y Valladolid. Sus publicaciones se centran en historiograf<\/span><span style=\"font-weight: 400;\">\u00ed<\/span><span style=\"font-weight: 400;\">a musical, historia de las mujeres, y m<\/span><span style=\"font-weight: 400;\">\u00fa<\/span><span style=\"font-weight: 400;\">sica hisp<\/span><span style=\"font-weight: 400;\">\u00e1<\/span><span style=\"font-weight: 400;\">nica en los siglos XV-XVIII. Es autora de los libros Feminismo y m<\/span><span style=\"font-weight: 400;\">\u00fa<\/span><span style=\"font-weight: 400;\">sica. Introducci<\/span><span style=\"font-weight: 400;\">\u00f3<\/span><span style=\"font-weight: 400;\">n cr<\/span><span style=\"font-weight: 400;\">\u00ed<\/span><span style=\"font-weight: 400;\">tica (Madrid: Narcea, 2003) y La m<\/span><span style=\"font-weight: 400;\">\u00fa<\/span><span style=\"font-weight: 400;\">sica en la Catedral de Granada en la primera mitad del siglo XVII: Diego de Pontac 2 vols. (Granada: Diputaci<\/span><span style=\"font-weight: 400;\">\u00f3<\/span><span style=\"font-weight: 400;\">n Provincial, 1994), editora de Discursos y pr<\/span><span style=\"font-weight: 400;\">\u00e1<\/span><span style=\"font-weight: 400;\">cticas musicales nacionalistas (1900-1970) (Logro<\/span><span style=\"font-weight: 400;\">\u00f1<\/span><span style=\"font-weight: 400;\">o: Universidad de La Rioja, 2012) y coeditora con Javier Mar<\/span><span style=\"font-weight: 400;\">\u00ed<\/span><span style=\"font-weight: 400;\">n L<\/span><span style=\"font-weight: 400;\">\u00f3<\/span><span style=\"font-weight: 400;\">pez, Germ<\/span><span style=\"font-weight: 400;\">\u00e1<\/span><span style=\"font-weight: 400;\">n Gan Quesada y Elena Torres Clemente de Musicolog<\/span><span style=\"font-weight: 400;\">\u00ed<\/span><span style=\"font-weight: 400;\">a global, musicolog<\/span><span style=\"font-weight: 400;\">\u00ed<\/span><span style=\"font-weight: 400;\">a local (Madrid: Sociedad Espa<\/span><span style=\"font-weight: 400;\">\u00f1<\/span><span style=\"font-weight: 400;\">ola de Musicolog<\/span><span style=\"font-weight: 400;\">\u00ed<\/span><span style=\"font-weight: 400;\">a, 2013).<\/span><\/p>\n<p><strong>Joseba Cabezas Rodr\u00ed<\/strong><span style=\"font-weight: 400;\"><strong>guez<\/strong><br \/><\/span><span style=\"font-weight: 400;\">Director de Ondas de Jazz en la Ciudad<\/span><\/p>\n<p>&nbsp;<\/p>\n<p>[\/et_pb_text][\/et_pb_column][\/et_pb_row][\/et_pb_section]<\/p>\n","protected":false},"excerpt":{"rendered":"<p>Makila de Honor 2023Mar\u00eda Pilar Ramos L\u00f3pez Es directora de la Colecci\u00f3n Biblioteca de Investigaci\u00f3n de la Universidad de la Rioja, secretaria del Consejo de Redacci\u00f3n de la revista Anuario Musical (CSIC), miembro del Consejo de Redacci\u00f3n de la Colecci\u00f3n Monumentos de la M\u00fasica Espa\u00f1ola (CSIC) y del Consejo Asesor de la Revista de Musicolog\u00eda, [&hellip;]<\/p>\n","protected":false},"author":1,"featured_media":0,"parent":2672,"menu_order":0,"comment_status":"closed","ping_status":"closed","template":"","meta":{"_acf_changed":false,"_et_pb_use_builder":"on","_et_pb_old_content":"","_et_gb_content_width":"","_monsterinsights_skip_tracking":false,"_monsterinsights_sitenote_active":false,"_monsterinsights_sitenote_note":"","_monsterinsights_sitenote_category":0,"footnotes":""},"class_list":["post-1781","page","type-page","status-publish","hentry"],"acf":[],"yoast_head":"<!-- This site is optimized with the Yoast SEO plugin v27.4 - https:\/\/yoast.com\/product\/yoast-seo-wordpress\/ -->\n<title>Makila de Honor 2023 - Ondas de Jazz<\/title>\n<meta name=\"description\" content=\"Makila de honor 2023 para MAR\u00cdA PILAR RAMOS L\u00d3PEZ. Directora de la Colecci\u00f3n Biblioteca de Investigaci\u00f3n de la Universidad de la Rioja.\" \/>\n<meta name=\"robots\" content=\"index, follow, max-snippet:-1, max-image-preview:large, max-video-preview:-1\" \/>\n<link rel=\"canonical\" href=\"https:\/\/www.ondasdejazz.com\/es\/ediciones-anteriores\/2022-23\/makila-de-honor-2023\/\" \/>\n<meta property=\"og:locale\" content=\"es_ES\" \/>\n<meta property=\"og:type\" content=\"article\" \/>\n<meta property=\"og:title\" content=\"Makila de Honor 2023 - Ondas de Jazz\" \/>\n<meta property=\"og:description\" content=\"Makila de honor 2023 para MAR\u00cdA PILAR RAMOS L\u00d3PEZ. Directora de la Colecci\u00f3n Biblioteca de Investigaci\u00f3n de la Universidad de la Rioja.\" \/>\n<meta property=\"og:url\" content=\"https:\/\/www.ondasdejazz.com\/es\/ediciones-anteriores\/2022-23\/makila-de-honor-2023\/\" \/>\n<meta property=\"og:site_name\" content=\"Ondas de Jazz\" \/>\n<meta property=\"article:modified_time\" content=\"2024-09-23T11:14:12+00:00\" \/>\n<meta name=\"twitter:card\" content=\"summary_large_image\" \/>\n<meta name=\"twitter:label1\" content=\"Tiempo de lectura\" \/>\n\t<meta name=\"twitter:data1\" content=\"2 minutos\" \/>\n<script type=\"application\/ld+json\" class=\"yoast-schema-graph\">{\"@context\":\"https:\\\/\\\/schema.org\",\"@graph\":[{\"@type\":\"WebPage\",\"@id\":\"https:\\\/\\\/www.ondasdejazz.com\\\/es\\\/ediciones-anteriores\\\/2022-23\\\/makila-de-honor-2023\\\/\",\"url\":\"https:\\\/\\\/www.ondasdejazz.com\\\/es\\\/ediciones-anteriores\\\/2022-23\\\/makila-de-honor-2023\\\/\",\"name\":\"Makila de Honor 2023 - Ondas de Jazz\",\"isPartOf\":{\"@id\":\"https:\\\/\\\/www.ondasdejazz.com\\\/es\\\/#website\"},\"datePublished\":\"2022-10-20T07:21:39+00:00\",\"dateModified\":\"2024-09-23T11:14:12+00:00\",\"description\":\"Makila de honor 2023 para MAR\u00cdA PILAR RAMOS L\u00d3PEZ. Directora de la Colecci\u00f3n Biblioteca de Investigaci\u00f3n de la Universidad de la Rioja.\",\"breadcrumb\":{\"@id\":\"https:\\\/\\\/www.ondasdejazz.com\\\/es\\\/ediciones-anteriores\\\/2022-23\\\/makila-de-honor-2023\\\/#breadcrumb\"},\"inLanguage\":\"es\",\"potentialAction\":[{\"@type\":\"ReadAction\",\"target\":[\"https:\\\/\\\/www.ondasdejazz.com\\\/es\\\/ediciones-anteriores\\\/2022-23\\\/makila-de-honor-2023\\\/\"]}]},{\"@type\":\"BreadcrumbList\",\"@id\":\"https:\\\/\\\/www.ondasdejazz.com\\\/es\\\/ediciones-anteriores\\\/2022-23\\\/makila-de-honor-2023\\\/#breadcrumb\",\"itemListElement\":[{\"@type\":\"ListItem\",\"position\":1,\"name\":\"Portada\",\"item\":\"https:\\\/\\\/www.ondasdejazz.com\\\/es\\\/inicio-asd32ewteq23\\\/\"},{\"@type\":\"ListItem\",\"position\":2,\"name\":\"Ediciones anteriores\",\"item\":\"https:\\\/\\\/www.ondasdejazz.com\\\/es\\\/ediciones-anteriores\\\/\"},{\"@type\":\"ListItem\",\"position\":3,\"name\":\"2022-23\",\"item\":\"https:\\\/\\\/www.ondasdejazz.com\\\/es\\\/ediciones-anteriores\\\/2022-23\\\/\"},{\"@type\":\"ListItem\",\"position\":4,\"name\":\"Makila de Honor 2023\"}]},{\"@type\":\"WebSite\",\"@id\":\"https:\\\/\\\/www.ondasdejazz.com\\\/es\\\/#website\",\"url\":\"https:\\\/\\\/www.ondasdejazz.com\\\/es\\\/\",\"name\":\"Ondas de Jazz\",\"description\":\"Ondas de Jazz en la Ciudad\",\"potentialAction\":[{\"@type\":\"SearchAction\",\"target\":{\"@type\":\"EntryPoint\",\"urlTemplate\":\"https:\\\/\\\/www.ondasdejazz.com\\\/es\\\/?s={search_term_string}\"},\"query-input\":{\"@type\":\"PropertyValueSpecification\",\"valueRequired\":true,\"valueName\":\"search_term_string\"}}],\"inLanguage\":\"es\"}]}<\/script>\n<!-- \/ Yoast SEO plugin. -->","yoast_head_json":{"title":"Makila de Honor 2023 - Ondas de Jazz","description":"Makila de honor 2023 para MAR\u00cdA PILAR RAMOS L\u00d3PEZ. Directora de la Colecci\u00f3n Biblioteca de Investigaci\u00f3n de la Universidad de la Rioja.","robots":{"index":"index","follow":"follow","max-snippet":"max-snippet:-1","max-image-preview":"max-image-preview:large","max-video-preview":"max-video-preview:-1"},"canonical":"https:\/\/www.ondasdejazz.com\/es\/ediciones-anteriores\/2022-23\/makila-de-honor-2023\/","og_locale":"es_ES","og_type":"article","og_title":"Makila de Honor 2023 - Ondas de Jazz","og_description":"Makila de honor 2023 para MAR\u00cdA PILAR RAMOS L\u00d3PEZ. Directora de la Colecci\u00f3n Biblioteca de Investigaci\u00f3n de la Universidad de la Rioja.","og_url":"https:\/\/www.ondasdejazz.com\/es\/ediciones-anteriores\/2022-23\/makila-de-honor-2023\/","og_site_name":"Ondas de Jazz","article_modified_time":"2024-09-23T11:14:12+00:00","twitter_card":"summary_large_image","twitter_misc":{"Tiempo de lectura":"2 minutos"},"schema":{"@context":"https:\/\/schema.org","@graph":[{"@type":"WebPage","@id":"https:\/\/www.ondasdejazz.com\/es\/ediciones-anteriores\/2022-23\/makila-de-honor-2023\/","url":"https:\/\/www.ondasdejazz.com\/es\/ediciones-anteriores\/2022-23\/makila-de-honor-2023\/","name":"Makila de Honor 2023 - Ondas de Jazz","isPartOf":{"@id":"https:\/\/www.ondasdejazz.com\/es\/#website"},"datePublished":"2022-10-20T07:21:39+00:00","dateModified":"2024-09-23T11:14:12+00:00","description":"Makila de honor 2023 para MAR\u00cdA PILAR RAMOS L\u00d3PEZ. Directora de la Colecci\u00f3n Biblioteca de Investigaci\u00f3n de la Universidad de la Rioja.","breadcrumb":{"@id":"https:\/\/www.ondasdejazz.com\/es\/ediciones-anteriores\/2022-23\/makila-de-honor-2023\/#breadcrumb"},"inLanguage":"es","potentialAction":[{"@type":"ReadAction","target":["https:\/\/www.ondasdejazz.com\/es\/ediciones-anteriores\/2022-23\/makila-de-honor-2023\/"]}]},{"@type":"BreadcrumbList","@id":"https:\/\/www.ondasdejazz.com\/es\/ediciones-anteriores\/2022-23\/makila-de-honor-2023\/#breadcrumb","itemListElement":[{"@type":"ListItem","position":1,"name":"Portada","item":"https:\/\/www.ondasdejazz.com\/es\/inicio-asd32ewteq23\/"},{"@type":"ListItem","position":2,"name":"Ediciones anteriores","item":"https:\/\/www.ondasdejazz.com\/es\/ediciones-anteriores\/"},{"@type":"ListItem","position":3,"name":"2022-23","item":"https:\/\/www.ondasdejazz.com\/es\/ediciones-anteriores\/2022-23\/"},{"@type":"ListItem","position":4,"name":"Makila de Honor 2023"}]},{"@type":"WebSite","@id":"https:\/\/www.ondasdejazz.com\/es\/#website","url":"https:\/\/www.ondasdejazz.com\/es\/","name":"Ondas de Jazz","description":"Ondas de Jazz en la Ciudad","potentialAction":[{"@type":"SearchAction","target":{"@type":"EntryPoint","urlTemplate":"https:\/\/www.ondasdejazz.com\/es\/?s={search_term_string}"},"query-input":{"@type":"PropertyValueSpecification","valueRequired":true,"valueName":"search_term_string"}}],"inLanguage":"es"}]}},"_links":{"self":[{"href":"https:\/\/www.ondasdejazz.com\/es\/wp-json\/wp\/v2\/pages\/1781","targetHints":{"allow":["GET"]}}],"collection":[{"href":"https:\/\/www.ondasdejazz.com\/es\/wp-json\/wp\/v2\/pages"}],"about":[{"href":"https:\/\/www.ondasdejazz.com\/es\/wp-json\/wp\/v2\/types\/page"}],"author":[{"embeddable":true,"href":"https:\/\/www.ondasdejazz.com\/es\/wp-json\/wp\/v2\/users\/1"}],"replies":[{"embeddable":true,"href":"https:\/\/www.ondasdejazz.com\/es\/wp-json\/wp\/v2\/comments?post=1781"}],"version-history":[{"count":14,"href":"https:\/\/www.ondasdejazz.com\/es\/wp-json\/wp\/v2\/pages\/1781\/revisions"}],"predecessor-version":[{"id":3642,"href":"https:\/\/www.ondasdejazz.com\/es\/wp-json\/wp\/v2\/pages\/1781\/revisions\/3642"}],"up":[{"embeddable":true,"href":"https:\/\/www.ondasdejazz.com\/es\/wp-json\/wp\/v2\/pages\/2672"}],"wp:attachment":[{"href":"https:\/\/www.ondasdejazz.com\/es\/wp-json\/wp\/v2\/media?parent=1781"}],"curies":[{"name":"wp","href":"https:\/\/api.w.org\/{rel}","templated":true}]}}