{"id":4918,"date":"2025-03-11T18:36:05","date_gmt":"2025-03-11T17:36:05","guid":{"rendered":"https:\/\/www.ondasdejazz.com\/?page_id=4918"},"modified":"2025-11-25T11:51:13","modified_gmt":"2025-11-25T10:51:13","slug":"makila-de-honor-ondas-de-jazz-eitb-2025-fernando-trueba","status":"publish","type":"page","link":"https:\/\/www.ondasdejazz.com\/es\/ediciones-anteriores\/2024-25\/makila-de-honor-ondas-de-jazz-eitb-2025-fernando-trueba\/","title":{"rendered":"Makila de Honor Ondas de Jazz &#8211; EITB 2025 &#8211; Fernando Trueba"},"content":{"rendered":"<p>[et_pb_section fb_built=\u00bb1&#8243; _builder_version=\u00bb4.27.4&#8243; _module_preset=\u00bbdefault\u00bb global_colors_info=\u00bb{}\u00bb][et_pb_row _builder_version=\u00bb4.27.4&#8243; _module_preset=\u00bbdefault\u00bb global_colors_info=\u00bb{}\u00bb][et_pb_column type=\u00bb4_4&#8243; _builder_version=\u00bb4.27.4&#8243; _module_preset=\u00bbdefault\u00bb global_colors_info=\u00bb{}\u00bb][et_pb_text _builder_version=\u00bb4.27.4&#8243; _module_preset=\u00bbdefault\u00bb text_orientation=\u00bbcenter\u00bb global_colors_info=\u00bb{}\u00bb]<\/p>\n<h1><strong>Makila de Honor Ondas de Jazz &#8211; EITB 2025<\/strong><br \/>Fernando Trueba<\/h1>\n<p>[\/et_pb_text][\/et_pb_column][\/et_pb_row][et_pb_row _builder_version=\u00bb4.27.4&#8243; _module_preset=\u00bbdefault\u00bb global_colors_info=\u00bb{}\u00bb][et_pb_column type=\u00bb4_4&#8243; _builder_version=\u00bb4.27.4&#8243; _module_preset=\u00bbdefault\u00bb global_colors_info=\u00bb{}\u00bb][et_pb_text _builder_version=\u00bb4.27.4&#8243; _module_preset=\u00bbdefault\u00bb text_font_size=\u00bb24px\u00bb text_line_height=\u00bb1.2em\u00bb background_color=\u00bbrgba(8,10,9,0.05)\u00bb custom_padding=\u00bb60px|60px|60px|60px|false|false\u00bb global_colors_info=\u00bb{}\u00bb]<\/p>\n<p>Trueba ha llevado el jazz al cine con una mirada \u00fanica. Calle 54 (2000) explor\u00f3 el jazz latino, El milagro de Candeal (2004) destac\u00f3 su impacto social y Chico y Rita (2010) recre\u00f3 la atm\u00f3sfera del jazz cubano de los a\u00f1os 40 y 50 y Dispararon al Pianista (2023)<\/p>\n<p>[\/et_pb_text][\/et_pb_column][\/et_pb_row][et_pb_row column_structure=\u00bb1_2,1_2&#8243; make_equal=\u00bbon\u00bb _builder_version=\u00bb4.27.4&#8243; _module_preset=\u00bbdefault\u00bb width=\u00bb50%\u00bb module_alignment=\u00bbcenter\u00bb global_colors_info=\u00bb{}\u00bb][et_pb_column type=\u00bb1_2&#8243; _builder_version=\u00bb4.27.4&#8243; _module_preset=\u00bbdefault\u00bb custom_css_main_element=\u00bbmargin:auto;\u00bb global_colors_info=\u00bb{}\u00bb][et_pb_image src=\u00bbhttps:\/\/www.ondasdejazz.com\/wp-content\/uploads\/2022\/09\/logoClavijeroOndasdeJazz_crop-1.png\u00bb title_text=\u00bblogoClavijeroOndasdeJazz_crop\u00bb align=\u00bbcenter\u00bb _builder_version=\u00bb4.27.4&#8243; _module_preset=\u00bbdefault\u00bb width=\u00bb50%\u00bb global_colors_info=\u00bb{}\u00bb][\/et_pb_image][\/et_pb_column][et_pb_column type=\u00bb1_2&#8243; _builder_version=\u00bb4.27.4&#8243; _module_preset=\u00bbdefault\u00bb custom_css_main_element=\u00bbmargin:auto;\u00bb global_colors_info=\u00bb{}\u00bb][et_pb_image src=\u00bbhttps:\/\/www.ondasdejazz.com\/wp-content\/uploads\/2025\/03\/logo-eitb.png\u00bb title_text=\u00bblogo-eitb\u00bb align=\u00bbcenter\u00bb _builder_version=\u00bb4.27.4&#8243; _module_preset=\u00bbdefault\u00bb width=\u00bb50%\u00bb global_colors_info=\u00bb{}\u00bb][\/et_pb_image][\/et_pb_column][\/et_pb_row][et_pb_row column_structure=\u00bb3_5,2_5&#8243; make_equal=\u00bbon\u00bb _builder_version=\u00bb4.27.4&#8243; _module_preset=\u00bbdefault\u00bb global_colors_info=\u00bb{}\u00bb][et_pb_column type=\u00bb3_5&#8243; _builder_version=\u00bb4.27.4&#8243; _module_preset=\u00bbdefault\u00bb global_colors_info=\u00bb{}\u00bb][et_pb_image src=\u00bbhttps:\/\/www.ondasdejazz.com\/wp-content\/uploads\/2025\/03\/fernando-trueba.jpg\u00bb title_text=\u00bbfernando-trueba\u00bb _builder_version=\u00bb4.27.4&#8243; _module_preset=\u00bbdefault\u00bb global_colors_info=\u00bb{}\u00bb][\/et_pb_image][\/et_pb_column][et_pb_column type=\u00bb2_5&#8243; _builder_version=\u00bb4.27.4&#8243; _module_preset=\u00bbdefault\u00bb background_color=\u00bbrgba(0,0,0,0.05)\u00bb custom_padding=\u00bb30px|30px|30px|30px|false|false\u00bb custom_css_main_element=\u00bbmargin:auto;\u00bb global_colors_info=\u00bb{}\u00bb][et_pb_text _builder_version=\u00bb4.27.4&#8243; _module_preset=\u00bbdefault\u00bb global_colors_info=\u00bb{}\u00bb]<\/p>\n<h2>DATOS DEL EVENTO<\/h2>\n<ul>\n<li><strong>D\u00eda:<\/strong> 25 de marzo de 2025<\/li>\n<li><strong>Hora:<\/strong> 19:00<\/li>\n<li><strong>Lugar:<\/strong> Conservatorio Jes\u00fas Guridi<\/li>\n<\/ul>\n<ul>\n<li><strong>Txiki Big Band<\/strong><\/li>\n<li><strong>Guridi Big Band<\/strong><\/li>\n<li><strong>Entrega Makila de Honor<\/strong><\/li>\n<\/ul>\n<ul>\n<li><strong>Big Band Berri<\/strong><\/li>\n<\/ul>\n<p>[\/et_pb_text][\/et_pb_column][\/et_pb_row][et_pb_row _builder_version=\u00bb4.27.4&#8243; _module_preset=\u00bbdefault\u00bb global_colors_info=\u00bb{}\u00bb][et_pb_column type=\u00bb4_4&#8243; _builder_version=\u00bb4.27.4&#8243; _module_preset=\u00bbdefault\u00bb global_colors_info=\u00bb{}\u00bb][et_pb_text _builder_version=\u00bb4.27.4&#8243; _module_preset=\u00bbdefault\u00bb global_colors_info=\u00bb{}\u00bb]<\/p>\n<p>Vitoria-Gasteiz, 12 de marzo de 2025 \u2013 La <strong>Asociaci<\/strong><strong>\u00f3n Cultural Jazzargia<\/strong>, en colaboraci\u00f3n con <strong>EITB<\/strong>, tiene el honor de anunciar la concesi\u00f3n de la\u00a0<strong>Makila de Honor Ondas de Jazz-EITB 2025<\/strong>\u00a0a\u00a0<strong>Fernando Trueba<\/strong>, en reconocimiento a su excepcional contribuci\u00f3n a la difusi\u00f3n del jazz y su impacto en el mundo del arte y el cine.<\/p>\n<p>Este prestigioso galard\u00f3n, considerado la m\u00e1s alta distinci\u00f3n en el \u00e1mbito del jazz en el Pa\u00eds Vasco, <strong>se entregar<\/strong><strong>\u00e1<\/strong><strong> el pr<\/strong><strong>\u00f3<\/strong><strong>ximo\u00a025 de marzo de 2025<\/strong>\u00a0en el <strong>Conservatorio Jes<\/strong><strong>\u00fa<\/strong><strong>s Guridi de Vitoria-Gasteiz<\/strong>, <strong>a las 19h.<\/strong> La ceremonia contar\u00e1 con la presencia de autoridades y destacadas figuras del sector cultural y musical de Vitoria-Gasteiz, consolid\u00e1ndose como una velada inolvidable.<\/p>\n<p><strong>Un legado cinematogr<\/strong><strong>\u00e1<\/strong><strong>fico y musical incomparable<\/strong><\/p>\n<p>A lo largo de su trayectoria, <strong>Fernando Trueba<\/strong> ha demostrado una profunda pasi\u00f3n por el jazz, integr\u00e1ndolo en su cine con una sensibilidad \u00fanica. Su emblem\u00e1tica pel\u00edcula <strong>Calle 54 (2000)<\/strong> es un testimonio inigualable del jazz latino, mientras que <strong>El milagro de Candeal (2004)<\/strong> destaca el poder transformador de la m\u00fasica en la sociedad. Con <strong>Chico y Rita (2010),<\/strong> Trueba nos sumergi\u00f3 en la atm\u00f3sfera del jazz cubano de los a\u00f1os 40 y 50, consolidando su reputaci\u00f3n como un narrador excepcional de la historia musical. M\u00e1s recientemente, con <strong>Dispararon al Pianista (2023),<\/strong> ha explorado la figura del pianista brasile\u00f1o Francisco Ten\u00f3rio J\u00fanior, ofreciendo una mirada profunda sobre la m\u00fasica y el contexto pol\u00edtico en Am\u00e9rica Latina.<\/p>\n<p>Adem\u00e1s de su faceta cinematogr\u00e1fica, Trueba ha impulsado proyectos musicales de gran relevancia, como <strong>L<\/strong><strong>\u00e1<\/strong><strong>grimas Negras (2003), <\/strong>una<\/p>\n<p>producci\u00f3n que uni\u00f3 al legendario pianista <strong>Bebo Vald<\/strong><strong>\u00e9<\/strong><strong>s con Diego \u201cEl Cigala\u201d,<\/strong> marcando <strong>un hito en la fusi<\/strong><strong>\u00f3<\/strong><strong>n del jazz con el flamenco y la m<\/strong><strong>\u00fa<\/strong><strong>sica cubana<\/strong>. Un reconocimiento con historia.<\/p>\n<p>Desde su creaci\u00f3n, hace doce a\u00f1os, la <strong>Makila de Honor<\/strong> ha distinguido a personalidades que han dejado una huella en la historia del jazz y su difusi\u00f3n. Nombres como: <strong>Juan Claudio Cifuentes \u201cCifu\u201d,\u00a0Pedro Iturralde,\u00a0Antonio Mu<\/strong><strong>\u00f1<\/strong><strong>oz Molina,\u00a0Paco de Luc<\/strong><strong>\u00ed<\/strong><strong>a y\u00a0Ana Bel<\/strong><strong>\u00e9<\/strong><strong>n, entre otros<\/strong>.<\/p>\n<p>La <strong>Asociaci<\/strong><strong>\u00f3<\/strong><strong>n Cultural Jazzargia<\/strong>, con m\u00e1s de diecinueve a\u00f1os de trayectoria en la divulgaci\u00f3n del jazz y la m\u00fasica en general, ha trabajado incansablemente en la promoci\u00f3n de este g\u00e9nero a trav\u00e9s de iniciativas como el proyecto Ondas de Jazz, galardonado con el <strong>Premio de la M<\/strong><strong>\u00fa<\/strong><strong>sica de Euskadi<\/strong> en 2017. Actualmente, este proyecto se desarrolla en colaboraci\u00f3n con <strong>EITB<\/strong>, gracias a un acuerdo entre ambas entidades que fortalece m\u00e1s si cabe un reconocimiento que es \u00fanico en todo el estado espa\u00f1ol. Con la entrega de este reconocimiento a <strong>Fernando Trueba<\/strong>, la asociaci\u00f3n y <strong>EITB<\/strong> reafirma su compromiso con la difusi\u00f3n del jazz y con aquellos que han contribuido a mantener viva su esencia \u2013 el Pa\u00eds Vasco, cuenta con tres de los mejores festivales de jazz del mundo \u2013.<\/p>\n<p><strong>Una velada para celebrar el jazz y el arte<\/strong><\/p>\n<p>La ceremonia de entrega de la\u00a0<strong>Makila de Honor Ondas de Jazz-EITB 2025\u00a0<\/strong>ser\u00e1 un evento especial en el que artistas, autoridades y amantes del jazz se reunir\u00e1n para rendir homenaje a la trayectoria de Trueba. Durante la velada, las Big Bands del<strong> Conservatorio Jes<\/strong><strong>\u00fas Guridi<\/strong> y de la <strong>Escuela Municipal de M\u00fasica de Luis Aramburu<\/strong> actuar\u00e1n como lo vienen haciendo desde hace diez a\u00f1os en el d\u00eda dedicado a nuestro m\u00fasicos y centros educativos reglados en m\u00fasica, en lo que promete ser una noche cargada de emoci\u00f3n y m\u00fasica.<\/p>\n<p>Desde la <strong>Asociaci<\/strong><strong>\u00f3<\/strong><strong>n Cultural Jazzargia<\/strong> y <strong>EITB<\/strong>, expresamos nuestro m\u00e1s sincero reconocimiento a <strong>Fernando Trueba<\/strong> y le felicitamos por este merecido galard\u00f3n, testimonio de su inigualable legado en el mundo del jazz y el cine.<\/p>\n<p>[\/et_pb_text][et_pb_video src=\u00bbhttps:\/\/www.youtube.com\/watch?v=ou9yavD0KQA\u00bb _builder_version=\u00bb4.27.4&#8243; _module_preset=\u00bbdefault\u00bb hover_enabled=\u00bb0&#8243; sticky_enabled=\u00bb0&#8243;][\/et_pb_video][\/et_pb_column][\/et_pb_row][\/et_pb_section]<\/p>\n","protected":false},"excerpt":{"rendered":"<p>Makila de Honor Ondas de Jazz &#8211; EITB 2025Fernando TruebaTrueba ha llevado el jazz al cine con una mirada \u00fanica. Calle 54 (2000) explor\u00f3 el jazz latino, El milagro de Candeal (2004) destac\u00f3 su impacto social y Chico y Rita (2010) recre\u00f3 la atm\u00f3sfera del jazz cubano de los a\u00f1os 40 y 50 y Dispararon [&hellip;]<\/p>\n","protected":false},"author":1,"featured_media":0,"parent":4966,"menu_order":0,"comment_status":"closed","ping_status":"closed","template":"","meta":{"_acf_changed":false,"_et_pb_use_builder":"on","_et_pb_old_content":"<!-- wp:divi\/placeholder \/-->","_et_gb_content_width":"","_monsterinsights_skip_tracking":false,"_monsterinsights_sitenote_active":false,"_monsterinsights_sitenote_note":"","_monsterinsights_sitenote_category":0,"footnotes":""},"class_list":["post-4918","page","type-page","status-publish","hentry"],"acf":[],"yoast_head":"<!-- This site is optimized with the Yoast SEO plugin v27.4 - https:\/\/yoast.com\/product\/yoast-seo-wordpress\/ -->\n<title>Makila de Honor Ondas de Jazz - EITB 2025 - Fernando Trueba - Ondas de Jazz<\/title>\n<meta name=\"robots\" content=\"index, follow, max-snippet:-1, max-image-preview:large, max-video-preview:-1\" \/>\n<link rel=\"canonical\" href=\"https:\/\/www.ondasdejazz.com\/es\/ediciones-anteriores\/2024-25\/makila-de-honor-ondas-de-jazz-eitb-2025-fernando-trueba\/\" \/>\n<meta property=\"og:locale\" content=\"es_ES\" \/>\n<meta property=\"og:type\" content=\"article\" \/>\n<meta property=\"og:title\" content=\"Makila de Honor Ondas de Jazz - EITB 2025 - Fernando Trueba - Ondas de Jazz\" \/>\n<meta property=\"og:description\" content=\"Makila de Honor Ondas de Jazz - EITB 2025Fernando TruebaTrueba ha llevado el jazz al cine con una mirada \u00fanica. Calle 54 (2000) explor\u00f3 el jazz latino, El milagro de Candeal (2004) destac\u00f3 su impacto social y Chico y Rita (2010) recre\u00f3 la atm\u00f3sfera del jazz cubano de los a\u00f1os 40 y 50 y Dispararon [&hellip;]\" \/>\n<meta property=\"og:url\" content=\"https:\/\/www.ondasdejazz.com\/es\/ediciones-anteriores\/2024-25\/makila-de-honor-ondas-de-jazz-eitb-2025-fernando-trueba\/\" \/>\n<meta property=\"og:site_name\" content=\"Ondas de Jazz\" \/>\n<meta property=\"article:modified_time\" content=\"2025-11-25T10:51:13+00:00\" \/>\n<meta name=\"twitter:card\" content=\"summary_large_image\" \/>\n<meta name=\"twitter:label1\" content=\"Tiempo de lectura\" \/>\n\t<meta name=\"twitter:data1\" content=\"4 minutos\" \/>\n<script type=\"application\/ld+json\" class=\"yoast-schema-graph\">{\"@context\":\"https:\\\/\\\/schema.org\",\"@graph\":[{\"@type\":\"WebPage\",\"@id\":\"https:\\\/\\\/www.ondasdejazz.com\\\/es\\\/ediciones-anteriores\\\/2024-25\\\/makila-de-honor-ondas-de-jazz-eitb-2025-fernando-trueba\\\/\",\"url\":\"https:\\\/\\\/www.ondasdejazz.com\\\/es\\\/ediciones-anteriores\\\/2024-25\\\/makila-de-honor-ondas-de-jazz-eitb-2025-fernando-trueba\\\/\",\"name\":\"Makila de Honor Ondas de Jazz - EITB 2025 - Fernando Trueba - Ondas de Jazz\",\"isPartOf\":{\"@id\":\"https:\\\/\\\/www.ondasdejazz.com\\\/es\\\/#website\"},\"datePublished\":\"2025-03-11T17:36:05+00:00\",\"dateModified\":\"2025-11-25T10:51:13+00:00\",\"breadcrumb\":{\"@id\":\"https:\\\/\\\/www.ondasdejazz.com\\\/es\\\/ediciones-anteriores\\\/2024-25\\\/makila-de-honor-ondas-de-jazz-eitb-2025-fernando-trueba\\\/#breadcrumb\"},\"inLanguage\":\"es\",\"potentialAction\":[{\"@type\":\"ReadAction\",\"target\":[\"https:\\\/\\\/www.ondasdejazz.com\\\/es\\\/ediciones-anteriores\\\/2024-25\\\/makila-de-honor-ondas-de-jazz-eitb-2025-fernando-trueba\\\/\"]}]},{\"@type\":\"BreadcrumbList\",\"@id\":\"https:\\\/\\\/www.ondasdejazz.com\\\/es\\\/ediciones-anteriores\\\/2024-25\\\/makila-de-honor-ondas-de-jazz-eitb-2025-fernando-trueba\\\/#breadcrumb\",\"itemListElement\":[{\"@type\":\"ListItem\",\"position\":1,\"name\":\"Portada\",\"item\":\"https:\\\/\\\/www.ondasdejazz.com\\\/es\\\/inicio-asd32ewteq23\\\/\"},{\"@type\":\"ListItem\",\"position\":2,\"name\":\"Ediciones anteriores\",\"item\":\"https:\\\/\\\/www.ondasdejazz.com\\\/es\\\/ediciones-anteriores\\\/\"},{\"@type\":\"ListItem\",\"position\":3,\"name\":\"2024-2025\",\"item\":\"https:\\\/\\\/www.ondasdejazz.com\\\/es\\\/ediciones-anteriores\\\/2024-25\\\/\"},{\"@type\":\"ListItem\",\"position\":4,\"name\":\"Makila de Honor Ondas de Jazz &#8211; EITB 2025 &#8211; Fernando Trueba\"}]},{\"@type\":\"WebSite\",\"@id\":\"https:\\\/\\\/www.ondasdejazz.com\\\/es\\\/#website\",\"url\":\"https:\\\/\\\/www.ondasdejazz.com\\\/es\\\/\",\"name\":\"Ondas de Jazz\",\"description\":\"Ondas de Jazz en la Ciudad\",\"potentialAction\":[{\"@type\":\"SearchAction\",\"target\":{\"@type\":\"EntryPoint\",\"urlTemplate\":\"https:\\\/\\\/www.ondasdejazz.com\\\/es\\\/?s={search_term_string}\"},\"query-input\":{\"@type\":\"PropertyValueSpecification\",\"valueRequired\":true,\"valueName\":\"search_term_string\"}}],\"inLanguage\":\"es\"}]}<\/script>\n<!-- \/ Yoast SEO plugin. -->","yoast_head_json":{"title":"Makila de Honor Ondas de Jazz - EITB 2025 - Fernando Trueba - Ondas de Jazz","robots":{"index":"index","follow":"follow","max-snippet":"max-snippet:-1","max-image-preview":"max-image-preview:large","max-video-preview":"max-video-preview:-1"},"canonical":"https:\/\/www.ondasdejazz.com\/es\/ediciones-anteriores\/2024-25\/makila-de-honor-ondas-de-jazz-eitb-2025-fernando-trueba\/","og_locale":"es_ES","og_type":"article","og_title":"Makila de Honor Ondas de Jazz - EITB 2025 - Fernando Trueba - Ondas de Jazz","og_description":"Makila de Honor Ondas de Jazz - EITB 2025Fernando TruebaTrueba ha llevado el jazz al cine con una mirada \u00fanica. Calle 54 (2000) explor\u00f3 el jazz latino, El milagro de Candeal (2004) destac\u00f3 su impacto social y Chico y Rita (2010) recre\u00f3 la atm\u00f3sfera del jazz cubano de los a\u00f1os 40 y 50 y Dispararon [&hellip;]","og_url":"https:\/\/www.ondasdejazz.com\/es\/ediciones-anteriores\/2024-25\/makila-de-honor-ondas-de-jazz-eitb-2025-fernando-trueba\/","og_site_name":"Ondas de Jazz","article_modified_time":"2025-11-25T10:51:13+00:00","twitter_card":"summary_large_image","twitter_misc":{"Tiempo de lectura":"4 minutos"},"schema":{"@context":"https:\/\/schema.org","@graph":[{"@type":"WebPage","@id":"https:\/\/www.ondasdejazz.com\/es\/ediciones-anteriores\/2024-25\/makila-de-honor-ondas-de-jazz-eitb-2025-fernando-trueba\/","url":"https:\/\/www.ondasdejazz.com\/es\/ediciones-anteriores\/2024-25\/makila-de-honor-ondas-de-jazz-eitb-2025-fernando-trueba\/","name":"Makila de Honor Ondas de Jazz - EITB 2025 - Fernando Trueba - Ondas de Jazz","isPartOf":{"@id":"https:\/\/www.ondasdejazz.com\/es\/#website"},"datePublished":"2025-03-11T17:36:05+00:00","dateModified":"2025-11-25T10:51:13+00:00","breadcrumb":{"@id":"https:\/\/www.ondasdejazz.com\/es\/ediciones-anteriores\/2024-25\/makila-de-honor-ondas-de-jazz-eitb-2025-fernando-trueba\/#breadcrumb"},"inLanguage":"es","potentialAction":[{"@type":"ReadAction","target":["https:\/\/www.ondasdejazz.com\/es\/ediciones-anteriores\/2024-25\/makila-de-honor-ondas-de-jazz-eitb-2025-fernando-trueba\/"]}]},{"@type":"BreadcrumbList","@id":"https:\/\/www.ondasdejazz.com\/es\/ediciones-anteriores\/2024-25\/makila-de-honor-ondas-de-jazz-eitb-2025-fernando-trueba\/#breadcrumb","itemListElement":[{"@type":"ListItem","position":1,"name":"Portada","item":"https:\/\/www.ondasdejazz.com\/es\/inicio-asd32ewteq23\/"},{"@type":"ListItem","position":2,"name":"Ediciones anteriores","item":"https:\/\/www.ondasdejazz.com\/es\/ediciones-anteriores\/"},{"@type":"ListItem","position":3,"name":"2024-2025","item":"https:\/\/www.ondasdejazz.com\/es\/ediciones-anteriores\/2024-25\/"},{"@type":"ListItem","position":4,"name":"Makila de Honor Ondas de Jazz &#8211; EITB 2025 &#8211; Fernando Trueba"}]},{"@type":"WebSite","@id":"https:\/\/www.ondasdejazz.com\/es\/#website","url":"https:\/\/www.ondasdejazz.com\/es\/","name":"Ondas de Jazz","description":"Ondas de Jazz en la Ciudad","potentialAction":[{"@type":"SearchAction","target":{"@type":"EntryPoint","urlTemplate":"https:\/\/www.ondasdejazz.com\/es\/?s={search_term_string}"},"query-input":{"@type":"PropertyValueSpecification","valueRequired":true,"valueName":"search_term_string"}}],"inLanguage":"es"}]}},"_links":{"self":[{"href":"https:\/\/www.ondasdejazz.com\/es\/wp-json\/wp\/v2\/pages\/4918","targetHints":{"allow":["GET"]}}],"collection":[{"href":"https:\/\/www.ondasdejazz.com\/es\/wp-json\/wp\/v2\/pages"}],"about":[{"href":"https:\/\/www.ondasdejazz.com\/es\/wp-json\/wp\/v2\/types\/page"}],"author":[{"embeddable":true,"href":"https:\/\/www.ondasdejazz.com\/es\/wp-json\/wp\/v2\/users\/1"}],"replies":[{"embeddable":true,"href":"https:\/\/www.ondasdejazz.com\/es\/wp-json\/wp\/v2\/comments?post=4918"}],"version-history":[{"count":8,"href":"https:\/\/www.ondasdejazz.com\/es\/wp-json\/wp\/v2\/pages\/4918\/revisions"}],"predecessor-version":[{"id":4974,"href":"https:\/\/www.ondasdejazz.com\/es\/wp-json\/wp\/v2\/pages\/4918\/revisions\/4974"}],"up":[{"embeddable":true,"href":"https:\/\/www.ondasdejazz.com\/es\/wp-json\/wp\/v2\/pages\/4966"}],"wp:attachment":[{"href":"https:\/\/www.ondasdejazz.com\/es\/wp-json\/wp\/v2\/media?parent=4918"}],"curies":[{"name":"wp","href":"https:\/\/api.w.org\/{rel}","templated":true}]}}